{"id":732,"date":"2018-02-09T17:02:26","date_gmt":"2018-02-09T16:02:26","guid":{"rendered":"http:\/\/www.zambo.de\/systemloesung\/?page_id=732"},"modified":"2018-02-15T19:28:22","modified_gmt":"2018-02-15T18:28:22","slug":"planungsleistungen","status":"publish","type":"page","link":"https:\/\/www.zambo.de\/systemloesung\/planungsleistungen\/","title":{"rendered":"Planungsleistungen"},"content":{"rendered":"<h5>F\u00fcr Bauherrn und Architekten<\/h5>\n<p>Um die hohen gesetzlichen Anforderungen an die Funktion von T\u00fcren in Form von z. B. Brandschutz, Rauchschutz, Schallschutz etc. und der damit verbundenen Produktvielfalt, zu erf\u00fcllen, ist eine hohe Planungsleistung von Sachkundigen erforderlich.<\/p>\n<p>Kein Hersteller bietet das erforderliche, komplette Produktportfolio an. Dies ist an der immer st\u00e4rkeren Marktkonzentration abzulesen. Es wird immer mehr Know-how durch Aufkauf von alteingesessenen Unternehmen geb\u00fcndelt. Trotz dieses Versuches passieren bei Bauvorhaben gravierende Planungsfehler, die man bei Gro\u00dfbaustellen in der Presse verfolgen kann, wie z. B. der Flughafen Berlin-Brandenburg BER.<\/p>\n<p>Unsere Vorteile bestehen darin, dass wir seit 25 Jahren auf dem Markt pr\u00e4sent und an unserem Standort in Velbert in einem Cluster der Sicherheitstechnik, Schloss- und Beschlagtechnik ans\u00e4ssig sind. Durch unsere intensiven Vernetzungen und dar\u00fcber hinaus sind wir optimal in diesem Segment aufgestellt. Im Jahr 2014 haben wir unser Leistungsspektrum um das Segment Planungsleistung von T\u00fcrausstattungen mit der M\u00f6glichkeit der Einbindung in das Geb\u00e4udemanagement erweitert. Unter anderem haben wir als Planer die Umsetzung des B\u00fcrgerhauses Velbert-Langenberg mit ca. 20 verschiedenen Nutzergruppen und den Neubau der Handwerkskammer zu Bielefeld mit Verwaltung, Internatsbereich, Schulungs- und \u00dcBL-Bereich betreut.<\/p>\n<p>In Behinderten-Wohnheimen in Kamp-Lintfort und in Niederkr\u00fcchten haben wir einen Wartungsvertrag f\u00fcr die Fluchtwegsicherung. Diese dient dazu, die Bewohner in den Wohngruppen vor unbeabsichtigtem und unberechtigtem Verlassen zu bewahren.<\/p>\n<p>Im Jahr 2004 haben wir auf einem Klinikgel\u00e4nde in Viersen Fluchtwegsicherungen installiert.<\/p>\n<p>Seit 2005 bis heute haben wir im Klinikbereich der Kliniken Bedburg-Hau eine elektronische Zutrittskontrolle mit zeitweise \u00fcber 250 T\u00fcren in der j\u00e4hrlichen Wartung.<\/p>\n<p>Seit 2006 betreuen wir Kliniken in K\u00f6ln-Merheim mit einem Wartungs- und 24h-Supportvertrag und haben viele Neuanlagen im Bereich Fluchtwegsicherung installiert. Seit dem Jahr 2012 haben wir dort die elektronische Zutrittskontrolle vorgestellt und mit der vorhandenen Technik vernetzt. Im Jahr 2017 wurde dies dann von einer Drittfirma umgesetzt. Konzepterstellung, Beratung und Mustererstellung erfolgte \u00fcber die Firma ZAMBO.<\/p>\n<p>Seit dem Jahr 2015 f\u00fchren wir bei einem Klinikum in Essen f\u00fcr die Firma Bosch die j\u00e4hrliche Wartung f\u00fcr Fluchtwegsicherungen, Feststellanlagen und Brandschutzt\u00fcren durch.<\/p>\n<p>Seit 2016 haben wir die Fluchtwegsicherung in einem D\u00fcsseldorfer Klinikum errichtet und warten diese.<\/p>\n<p>Im Jahr 2017 haben wir im Auftrag des Architekturb\u00fcros Sander Hofrichter in D\u00fcsseldorf die Planungsleistung f\u00fcr die T\u00fcrausstattungen der T\u00fcren in Bedburg-Hau ausgef\u00fchrt. Hierzu geh\u00f6rte die detaillierte T\u00fcrplanung mit dem Bauherrn, die Erstellung von individualisierten T\u00fcrskizzen sowie die technische Unterst\u00fctzung bei der Erstellung der Ausschreibungen bzw. Leistungsverzeichnisse.<\/p>\n<p>Unsere Hauptleistung sehen wir in einer Art Lotsenfunktion, in der wir als hersteller\u00fcbergreifender Planer bei der Durchf\u00fchrung von Umbauten oder Neubauten unterst\u00fctzend agieren. Aufgrund unserer langj\u00e4hrigen Erfahrung und Expertise in diesem Bereich ergeben sich viele Synergien, indem wir die Komponenten unterschiedlicher Hersteller kombinieren und den so entstehenden Vorteil f\u00fcr unsere Kunden nutzbar machen m\u00f6chten.<\/p>\n","protected":false},"excerpt":{"rendered":"<p>F\u00fcr Bauherrn und Architekten Um die hohen gesetzlichen Anforderungen an die Funktion von T\u00fcren in Form von z. B. Brandschutz, Rauchschutz, Schallschutz etc. und der damit verbundenen Produktvielfalt, zu erf\u00fcllen, &#8230;<\/p>\n","protected":false},"author":1,"featured_media":0,"parent":0,"menu_order":0,"comment_status":"closed","ping_status":"closed","template":"","meta":{"footnotes":""},"class_list":["post-732","page","type-page","status-publish","hentry"],"_links":{"self":[{"href":"https:\/\/www.zambo.de\/systemloesung\/wp-json\/wp\/v2\/pages\/732","targetHints":{"allow":["GET"]}}],"collection":[{"href":"https:\/\/www.zambo.de\/systemloesung\/wp-json\/wp\/v2\/pages"}],"about":[{"href":"https:\/\/www.zambo.de\/systemloesung\/wp-json\/wp\/v2\/types\/page"}],"author":[{"embeddable":true,"href":"https:\/\/www.zambo.de\/systemloesung\/wp-json\/wp\/v2\/users\/1"}],"replies":[{"embeddable":true,"href":"https:\/\/www.zambo.de\/systemloesung\/wp-json\/wp\/v2\/comments?post=732"}],"version-history":[{"count":5,"href":"https:\/\/www.zambo.de\/systemloesung\/wp-json\/wp\/v2\/pages\/732\/revisions"}],"predecessor-version":[{"id":738,"href":"https:\/\/www.zambo.de\/systemloesung\/wp-json\/wp\/v2\/pages\/732\/revisions\/738"}],"wp:attachment":[{"href":"https:\/\/www.zambo.de\/systemloesung\/wp-json\/wp\/v2\/media?parent=732"}],"curies":[{"name":"wp","href":"https:\/\/api.w.org\/{rel}","templated":true}]}}