{"id":356,"date":"2016-07-28T23:29:22","date_gmt":"2016-07-28T21:29:22","guid":{"rendered":"http:\/\/www.zambo.de\/systemloesung\/?page_id=356"},"modified":"2023-08-21T11:32:19","modified_gmt":"2023-08-21T09:32:19","slug":"impressum","status":"publish","type":"page","link":"https:\/\/www.zambo.de\/systemloesung\/impressum\/","title":{"rendered":"Impressum"},"content":{"rendered":"<p><strong>Elektro N. Zambo GmbH<\/strong><br \/>\nIndustriestr. 18<br \/>\n42551 Velbert<\/p>\n<p>L\u00e4ngengrade: N 51.342537 E 7.063187<\/p>\n<p>T +49 (0) 20 51 . 98 90 28<br \/>\n<a href=\"mailto:info@zambo.de\">info@zambo.de<\/a><\/p>\n<p>Vertretungsberechtigte Gesch\u00e4ftsf\u00fchrer: Nikolaus Zambo<br \/>\nRegistergericht: AG Wuppertal<br \/>\nRegisternummer: HRB 17841<br \/>\nZust\u00e4ndige Kammer: D\u00fcsseldorf<\/p>\n<p>Berufsbezeichnung: Elektroinstallateurmeister und Betriebswirt d. H.<br \/>\n(verliehen in der Bundesrepublik Deutschland)<br \/>\nBerufsrechtliche Regelungen: Handwerksordnung<br \/>\n(Zu finden im Bundesgesetzblatt I, Seite 3074 in der Fassung<br \/>\nvom 24. September 1998)<\/p>\n<p>Umsatzsteuer-Identifikationsnummer: DE 153600226<\/p>\n<p>Verantwortlich f\u00fcr den Inhalt dieser Internetseite ist<br \/>\ngem\u00e4\u00df \u00a7\u00a7 6,7 TDG \/ \u00a7 10 MDStV:<br \/>\nNikolaus Zambo<\/p>\n<p><strong>Zus\u00e4tzlich erworbenes Bildmaterial:<\/strong><br \/>\n<a href=\"http:\/\/www.pixabay.com\" target=\"_blank\" rel=\"noopener\">pixabay.com<\/a><\/p>\n","protected":false},"excerpt":{"rendered":"<p>Elektro N. Zambo GmbH Industriestr. 18 42551 Velbert L\u00e4ngengrade: N 51.342537 E 7.063187 T +49 (0) 20 51 . 98 90 28 info@zambo.de Vertretungsberechtigte Gesch\u00e4ftsf\u00fchrer: Nikolaus Zambo Registergericht: AG Wuppertal &#8230;<\/p>\n","protected":false},"author":1,"featured_media":0,"parent":0,"menu_order":0,"comment_status":"closed","ping_status":"closed","template":"","meta":{"footnotes":""},"class_list":["post-356","page","type-page","status-publish","hentry"],"_links":{"self":[{"href":"https:\/\/www.zambo.de\/systemloesung\/wp-json\/wp\/v2\/pages\/356","targetHints":{"allow":["GET"]}}],"collection":[{"href":"https:\/\/www.zambo.de\/systemloesung\/wp-json\/wp\/v2\/pages"}],"about":[{"href":"https:\/\/www.zambo.de\/systemloesung\/wp-json\/wp\/v2\/types\/page"}],"author":[{"embeddable":true,"href":"https:\/\/www.zambo.de\/systemloesung\/wp-json\/wp\/v2\/users\/1"}],"replies":[{"embeddable":true,"href":"https:\/\/www.zambo.de\/systemloesung\/wp-json\/wp\/v2\/comments?post=356"}],"version-history":[{"count":6,"href":"https:\/\/www.zambo.de\/systemloesung\/wp-json\/wp\/v2\/pages\/356\/revisions"}],"predecessor-version":[{"id":963,"href":"https:\/\/www.zambo.de\/systemloesung\/wp-json\/wp\/v2\/pages\/356\/revisions\/963"}],"wp:attachment":[{"href":"https:\/\/www.zambo.de\/systemloesung\/wp-json\/wp\/v2\/media?parent=356"}],"curies":[{"name":"wp","href":"https:\/\/api.w.org\/{rel}","templated":true}]}}