{"id":14,"date":"2015-12-20T17:31:54","date_gmt":"2015-12-20T16:31:54","guid":{"rendered":"http:\/\/www.zambo.de\/systemloesung\/?page_id=14"},"modified":"2020-10-06T12:24:31","modified_gmt":"2020-10-06T10:24:31","slug":"pflegeeinrichtung-klinik","status":"publish","type":"page","link":"https:\/\/www.zambo.de\/systemloesung\/pflegeeinrichtung-klinik\/","title":{"rendered":"Kliniken \/ Pflegeeinrichtungen"},"content":{"rendered":"<h2><span style=\"color: #ff0000;\"><a href=\"https:\/\/www.zambo.de\/systemloesung\/grafiken\/zambo_kliniken.pdf\" target=\"_blank\" rel=\"noopener noreferrer\"><img loading=\"lazy\" decoding=\"async\" class=\"size-full wp-image-723 alignright\" src=\"https:\/\/www.zambo.de\/systemloesung\/wp-content\/uploads\/2018\/02\/pdf.png\" alt=\"Zambo Sicherheit\" width=\"50\" height=\"72\" \/><\/a>h-protect \u2013 Sicherheitsl\u00f6sungen f\u00fcr Kliniken und Pflegeeinrichtungen<br \/>\n<\/span><\/h2>\n<h3>Effiziente Strukturen und Prozesse f\u00fcr<br \/>\ndie Sicherheit von Menschen und Werten<\/h3>\n<p><strong> Neustrukturierungen im Gesundheitswesen, eine zunehmend \u00e4lter werdende Gesellschaft mit entsprechendem Versorgungsbedarf und hoher Kostendruck sind drei gro\u00dfe Herausforderungen, denen sich Klinken stellen m\u00fcssen. <\/strong><strong>h-protect ist ein modulares Sicherheitssystem, <\/strong><strong>das gezielt dabei hilft sowohl sicherheits- als auch organisationstechnische Anforderungen <\/strong><strong>effizient zu l\u00f6sen.<\/strong><\/p>\n<p>Die Sicherheitsanforderungen in Kliniken sind umfangreich. Medikamentenschr\u00e4nke, medizinisches Inventar, OP-R\u00e4ume, Laborbereiche und Intensivstationen gilt es ebenso zu sichern wie Patientendaten oder Forschungsergebnisse.<\/p>\n<h4>Sicherheit gew\u00e4hrleisten<\/h4>\n<p>\u00dcber Zutrittsberechtigungen l\u00e4sst sich sehr differenziert regeln wer, wo, wann die T\u00fcr zu einem Bereich, Raum oder Arzneimitteldepot \u00f6ffnen darf. Das gilt gleicherma\u00dfen f\u00fcr eigene Mitarbeiter wie externe Dienstleister. Die auf dem pers\u00f6nlichen Zutrittsausweis bzw. Mitarbeiterausweis hinterlegten Berechtigungen sind jederzeit ver\u00e4nderbar. Bei Ausweisverlust erfolgt eine sofortige Sperrung. Eine detaillierte Auswertung wer sich wo, wann zuletzt aufgehalten hat ist m\u00f6glich.<\/p>\n<h4>Hygieneschutz optimieren<\/h4>\n<p>Zutrittsberechtigungen beugen Diebstahl und Missbrauch ebenso vor wie beispielsweise unabsichtlichem Fehlverhalten von Patienten oder Besuchern. Sogar zu einem optimierten Hygieneschutz tragen sie bei. So bieten beispielsweise direkt an der T\u00fcr montierte Zutrittsleser, mit einer Silber oder Kupfer ionisierten T\u00fcrgriffoberfl\u00e4che, antibakterielle Kontaktpunkte. In Bereichen mit noch h\u00f6heren Hygieneanforderungen wie zum Beispiel Operationss\u00e4len kommen sogenannte Handsfree-L\u00f6sungen mit Weitbereichstranspondern zum Einsatz. \u00dcber diese Transponder und mit den entsprechenden Berechtigungen auf dem Mitarbeiterausweis ist es m\u00f6glich \u00fcber mehrere Meter hinweg T\u00fcren zu \u00f6ffnen oder die Beleuchtung zu schalten. Die Gefahr einer Ausbreitung von Bakterien, Viren, Pilzen und Keimen wird deutlich reduziert. Da zudem alle Vorg\u00e4nge vom Sicherheitssystem protokolliert werden, besteht in besonderen Situationen (z.B. Epidemie) die Option zu einer l\u00fcckenlosen Nachverfolgung aller Bewegungen.<\/p>\n<p>Weitere h-protect Einsatzm\u00f6glichkeiten zeigt das Projektbeispiel \u201eUniversit\u00e4tsklinikum D\u00fcsseldorf\u201c auf der R\u00fcckseite.<\/p>\n<h4>Sicherheit organisieren<\/h4>\n<p>Das Einrichten, Steuern, Verwalten und \u00dcberwachen aller Systemkomponenten erfolgt webbasiert \u00fcber die h-protect Software. Webbasiert bedeutet, dass der Zugang zur Software mit den entsprechenden Benutzerrechten weltweit online per Internet und \u00fcber g\u00e4ngige Webbrowser wie Internet Explorer oder Firefox rund um die Uhr m\u00f6glich ist. Das ist f\u00fcr den Objektbetreuer einer kleineren Klinik, der per PC die Zutrittsrechte der Mitarbeiter verwaltet, ebenso komfortabel, wie f\u00fcr die Facility Manager eines Gro\u00dfklinikums, die alle Geb\u00e4ude von einer Leitzentrale aus steuern und \u00fcberwachen.<\/p>\n<p>Das h-protect Sicherheitssystem samt seinen Komponenten w\u00e4chst mit den Anforderungen. Einmal get\u00e4tigte Investitionen bleiben auch bei Systemausbau erhalten. Dar\u00fcber hinaus l\u00e4sst sich h-protect in Gro\u00dfobjekten problemlos in die Geb\u00e4udeleittechniksysteme aller marktg\u00e4ngigen Anbieter integrieren.<\/p>\n<div id=\"zambocontent\">\n<section><strong>h-protect Komponenten:<\/strong><\/p>\n<ul>\n<li>Zutrittsberechtigung<\/li>\n<li>Fluchtwegsicherung<\/li>\n<li>Einbruch- und Brandmeldeanlage<\/li>\n<li>Video\u00fcberwachung<\/li>\n<li>G\u00fcter\u00fcberwachung<\/li>\n<li>Zeiterfassung<\/li>\n<li>Kantinenabrechnung<\/li>\n<li>Parkplatzmanagement<\/li>\n<li>Mitarbeiterspindverwaltung<\/li>\n<\/ul>\n<\/section>\n<section><strong>h-protect Systemvorteile:<\/strong><\/p>\n<ul>\n<li>moderne, webbasierte L\u00f6sung<\/li>\n<li>bedarfsgerecht zusammenstellbar<\/li>\n<li>jederzeit erweiterbar<\/li>\n<li>investitions- und zukunftssicher<\/li>\n<li>zur Neuinstallation und Nachr\u00fcstung<\/li>\n<li>benutzerfreundliche Bedienung<\/li>\n<\/ul>\n<\/section>\n<section><strong>Referenzen:<\/strong><\/section>\n<ul>\n<li>Heinrich Heine Universit\u00e4tsklinikum D\u00fcsseldorf<\/li>\n<li>LVR Kliniken Bedburg Hau<\/li>\n<li>LVR Kliniken Merheim<\/li>\n<li>Kliniken der Stadt K\u00f6ln Krankenh\u00e4user<br \/>\nHolweide und Merheim<\/li>\n<li>Klinikum Niederberg<br \/>\nuvm.<\/li>\n<\/ul>\n<\/div>\n<h3>Systemkomponenten f\u00fcr verschiedenste Aufgaben<\/h3>\n<p><strong>h-protect bietet vielf\u00e4ltige Optionen zum Realisieren individueller, objektspezifischer Sicherheitsanforderungen. Die Systembausteine sind einzeln erh\u00e4ltlich, Investitions- und Zukunftssicherheit bleiben gew\u00e4hrleistet.<\/strong><\/p>\n<ol>\n<li><strong>Zutrittsberechtigung<\/strong> an Au\u00dfen- und Innent\u00fcren f\u00fcr ber\u00fchrungslos lesbare Ausweiskarten oder Transponderchips.<\/li>\n<li><strong>Zutrittsberechtigung<\/strong> \u00fcber Weitbereichstransponder zum ber\u00fchrungslosen \u00d6ffnen gesicherter und automatisierter<br \/>\nT\u00fcren. Hoher Hygieneschutz, da keine T\u00fcrbeschl\u00e4ge angefasst werden.<\/li>\n<li><strong>Fluchtwegsicherung<\/strong> (auch mit Zutrittsberechtigung) zum Abgrenzen von Geb\u00e4udebereichen und als gesicherter<br \/>\nRettungsweg.<\/li>\n<li><strong>Zeiterfassungsterminals<\/strong> f\u00fcr die \u00dcbergabe an Zeitwirtschaftssysteme.<\/li>\n<li>P<strong>arkplatzmanagement<\/strong> f\u00fcr Mitarbeiter Patienten und Besucher mit vielf\u00e4ltigen Abrechnungsoptionen.<\/li>\n<li><strong>Leitzentrale<\/strong> zum Steuern, \u00dcberwachen und Verwalten der unterschiedlichen Systemkomponenten.<\/li>\n<\/ol>\n<figure id=\"attachment_80\" aria-describedby=\"caption-attachment-80\" style=\"width: 180px\" class=\"wp-caption alignleft\"><img loading=\"lazy\" decoding=\"async\" class=\"wp-image-80\" src=\"https:\/\/www.zambo.de\/systemloesung\/wp-content\/uploads\/2015\/12\/zutrittsberechtigung200x290-150x150.jpg\" alt=\"\" width=\"180\" height=\"261\" \/><figcaption id=\"caption-attachment-80\" class=\"wp-caption-text\">Zutrittsberechtigung<\/figcaption><\/figure>\n<figure id=\"attachment_84\" aria-describedby=\"caption-attachment-84\" style=\"width: 180px\" class=\"wp-caption alignleft\"><img loading=\"lazy\" decoding=\"async\" class=\"wp-image-84\" src=\"https:\/\/www.zambo.de\/systemloesung\/wp-content\/uploads\/2015\/12\/weitbereichstransponder200x290-150x150.jpg\" alt=\"\" width=\"180\" height=\"261\" \/><figcaption id=\"caption-attachment-84\" class=\"wp-caption-text\">Weirbereichstransporter<\/figcaption><\/figure>\n<figure id=\"attachment_81\" aria-describedby=\"caption-attachment-81\" style=\"width: 180px\" class=\"wp-caption alignleft\"><img loading=\"lazy\" decoding=\"async\" class=\"wp-image-81\" src=\"https:\/\/www.zambo.de\/systemloesung\/wp-content\/uploads\/2015\/12\/fluchtwegsicherung200x290-150x150.jpg\" alt=\"\" width=\"180\" height=\"261\" \/><figcaption id=\"caption-attachment-81\" class=\"wp-caption-text\">Fluchtwegsicherung<\/figcaption><\/figure>\n<figure id=\"attachment_85\" aria-describedby=\"caption-attachment-85\" style=\"width: 180px\" class=\"wp-caption alignleft\"><img loading=\"lazy\" decoding=\"async\" class=\"wp-image-85\" src=\"https:\/\/www.zambo.de\/systemloesung\/wp-content\/uploads\/2015\/12\/zeiterfassung200x290-150x150.jpg\" alt=\"\" width=\"180\" height=\"261\" \/><figcaption id=\"caption-attachment-85\" class=\"wp-caption-text\">Zeiterfassung<\/figcaption><\/figure>\n<figure id=\"attachment_83\" aria-describedby=\"caption-attachment-83\" style=\"width: 180px\" class=\"wp-caption alignleft\"><img loading=\"lazy\" decoding=\"async\" class=\"wp-image-83\" src=\"https:\/\/www.zambo.de\/systemloesung\/wp-content\/uploads\/2015\/12\/parkplatzmanagement200x290-150x150.jpg\" alt=\"\" width=\"180\" height=\"261\" \/><figcaption id=\"caption-attachment-83\" class=\"wp-caption-text\">Zufahrtskontrolle<\/figcaption><\/figure>\n<figure id=\"attachment_82\" aria-describedby=\"caption-attachment-82\" style=\"width: 180px\" class=\"wp-caption alignleft\"><img loading=\"lazy\" decoding=\"async\" class=\"wp-image-82\" src=\"https:\/\/www.zambo.de\/systemloesung\/wp-content\/uploads\/2015\/12\/leitzentrale200x290-150x150.jpg\" alt=\"\" width=\"180\" height=\"261\" \/><figcaption id=\"caption-attachment-82\" class=\"wp-caption-text\">Leitzentrale<\/figcaption><\/figure>\n<h4>h-protect Projektbeispiel<\/h4>\n<p style=\"text-align: left;\">Im Universit\u00e4tsklinikum D\u00fcsseldorf arbeiten ca. 5.700 Mitarbeiterinnen und Mitarbeiter in 31 Kliniken und 32 Instituten.<br \/>\nJ\u00e4hrlich werden rund 45.000 Patienten station\u00e4r und 150.000 ambulant versorgt. Insbesondere in den neu errichteten Klinikgeb\u00e4uden wurden diverse h-protect Komponenten in die \u00fcbergeordnete Geb\u00e4udeleittechnik von Siemens integriert. Diese Komponenten gew\u00e4hrleisten einerseits rund um die Uhr die Sicherheit von Menschen und Werten und andererseits auf Dauer<br \/>\neffiziente Strukturen und Prozesse. Die Nachr\u00fcstung von \u00e4lteren Bestandsobjekten ist langfristig schrittweise geplant.<\/p>\n<p style=\"text-align: left;\">Um die unterschiedlichen sicherheits- und organisationstechnischen<br \/>\nAnforderungen am Universit\u00e4tsklinikum bestm\u00f6glich zu erf\u00fcllen, kommen multifunktionale Mitarbeiterausweise zum Einsatz.<\/p>\n<h4>Sicherheit<\/h4>\n<p>Wer, wo, wann einen Bereich oder eine T\u00fcr betreten darf ist genau definiert und l\u00e4sst sich jederzeit bedarfsgerecht \u00e4ndern. Zudem ist jeder Mitarbeiterausweis mit einem Foto versehen, das auch in der Datenbank hinterlegt ist.<br \/>\nUm Zugang zu Hochsicherheitsbereichen zu erhalten, findet neben der Pr\u00fcfung der Zutrittsberechtigung eine optische Identifikation per Video\u00fcberwachung statt. Wird per Ausweis um Zutritt gebeten, erscheint das dem Ausweis zugeordnete<br \/>\nFoto auf einem Monitor in der Leitzentrale. Dort pr\u00fcft ein Wachhabender ob Foto und aktuelles Videobild der Person \u00fcbereinstimmen und gibt erst danach die T\u00fcr frei. Neben den zahlreichen Au\u00dfenund Innent\u00fcren sind auch<br \/>\nalle Medikamentenschr\u00e4nke mit Zutrittsberechtigungen versehen, um Missbrauch zu verhindern. Hochwertiges, mobiles Klinikinventar, wie zum Beispiel Spezialbetten f\u00fcr Schwerstverbrannte, kann mit Weitbereichstranspondern versehen werden, die es der Leitzentrale stets erm\u00f6glichen den aktuellen Standort zu ermitteln. Wird ein derartig gesichertes Objekt unberechtigt aus dem \u00dcberwachungsbereich bewegt, erfolgt eine Alarmmeldung samt Angabe an welcher Stelle der Bereich gerade verlassen wurde, um Gegenma\u00dfnahmen einleiten zu k\u00f6nnen.<\/p>\n<h4>Organisation<\/h4>\n<p>Anstatt f\u00fcr jeden der 5.700 Mitarbeiterinnen und Mitarbeiter einen eigenen Spind vorzuhalten, kommt eine intelligente Spindverwaltung zum Einsatz. Die Spinde lassen sich per Mitarbeiterausweis flexibel belegen.<br \/>\nEine Mehrfachbelegung ist ausgeschlossen, da eine erneute Spindwahl erst nach Freigabe des zuvor gew\u00e4hlten m\u00f6glich ist. Falls jemand vergessen sollte, welchen Spind er tagesaktuell belegt hat, kann er \u00fcber seinen Ausweis Spindnummer und Standort an einem Infoterminal abfragen. Auch die Zeiterfassung, Kantinenabrechnung und Parkraumverwaltung<br \/>\nerfolgen \u00fcber die multifunktionalen Mitarbeiterausweise.<\/p>\n<h4>Datenschutz<\/h4>\n<p>Es l\u00e4sst sich genau festlegen, wer welche Mitarbeiterdaten einsehen darf.<br \/>\nSo k\u00f6nnen beispielsweise nur alle entgeltabrechnungsrelevanten Daten von der Lohnbuchhaltung eingesehen werden. Generell ist die Dateneinsicht ausschlie\u00dflich passwortgesch\u00fctzt und nur von entsprechend legitimierten Personen m\u00f6glich.<\/p>\n<figure id=\"attachment_87\" aria-describedby=\"caption-attachment-87\" style=\"width: 440px\" class=\"wp-caption alignnone\"><img loading=\"lazy\" decoding=\"async\" class=\"wp-image-87 size-full\" src=\"https:\/\/www.zambo.de\/systemloesung\/wp-content\/uploads\/2015\/12\/zentrum-duesseldorf.jpg\" alt=\"Kliniken, Sicherheit, D\u00fcsseldorf\" width=\"440\" height=\"227\" srcset=\"https:\/\/www.zambo.de\/systemloesung\/wp-content\/uploads\/2015\/12\/zentrum-duesseldorf.jpg 440w, https:\/\/www.zambo.de\/systemloesung\/wp-content\/uploads\/2015\/12\/zentrum-duesseldorf-300x155.jpg 300w\" sizes=\"auto, (max-width: 440px) 100vw, 440px\" \/><figcaption id=\"caption-attachment-87\" class=\"wp-caption-text\">Neues Zentrum f\u00fcr operative Medizin II, Universit\u00e4tsklinikum D\u00fcsseldorf<\/figcaption><\/figure>\n<p><code><\/code><\/p>\n<p><code><\/p>\n<style type=\"text\/css\">\n.clear {<br \/>\n  clear: both;<br \/>\n}<br \/>\n#zambocontent {overflow: auto; padding: 5px; margin-top: 5px;}<br \/>\n#zambocontent section {display: block; float: left; width: 240px;}<\/p>\n<\/style>\n<p><\/code><\/p>\n<p><code><\/code><\/p>\n","protected":false},"excerpt":{"rendered":"<p>h-protect \u2013 Sicherheitsl\u00f6sungen f\u00fcr Kliniken und Pflegeeinrichtungen Effiziente Strukturen und Prozesse f\u00fcr die Sicherheit von Menschen und Werten Neustrukturierungen im Gesundheitswesen, eine zunehmend \u00e4lter werdende Gesellschaft mit entsprechendem Versorgungsbedarf und &#8230;<\/p>\n","protected":false},"author":1,"featured_media":79,"parent":0,"menu_order":0,"comment_status":"closed","ping_status":"closed","template":"","meta":{"footnotes":""},"class_list":["post-14","page","type-page","status-publish","has-post-thumbnail","hentry"],"_links":{"self":[{"href":"https:\/\/www.zambo.de\/systemloesung\/wp-json\/wp\/v2\/pages\/14","targetHints":{"allow":["GET"]}}],"collection":[{"href":"https:\/\/www.zambo.de\/systemloesung\/wp-json\/wp\/v2\/pages"}],"about":[{"href":"https:\/\/www.zambo.de\/systemloesung\/wp-json\/wp\/v2\/types\/page"}],"author":[{"embeddable":true,"href":"https:\/\/www.zambo.de\/systemloesung\/wp-json\/wp\/v2\/users\/1"}],"replies":[{"embeddable":true,"href":"https:\/\/www.zambo.de\/systemloesung\/wp-json\/wp\/v2\/comments?post=14"}],"version-history":[{"count":57,"href":"https:\/\/www.zambo.de\/systemloesung\/wp-json\/wp\/v2\/pages\/14\/revisions"}],"predecessor-version":[{"id":874,"href":"https:\/\/www.zambo.de\/systemloesung\/wp-json\/wp\/v2\/pages\/14\/revisions\/874"}],"wp:featuredmedia":[{"embeddable":true,"href":"https:\/\/www.zambo.de\/systemloesung\/wp-json\/wp\/v2\/media\/79"}],"wp:attachment":[{"href":"https:\/\/www.zambo.de\/systemloesung\/wp-json\/wp\/v2\/media?parent=14"}],"curies":[{"name":"wp","href":"https:\/\/api.w.org\/{rel}","templated":true}]}}