{"id":138,"date":"2016-01-30T22:00:31","date_gmt":"2016-01-30T21:00:31","guid":{"rendered":"http:\/\/www.zambo.de\/systemloesung\/?page_id=138"},"modified":"2023-08-21T11:36:11","modified_gmt":"2023-08-21T09:36:11","slug":"kontakt","status":"publish","type":"page","link":"https:\/\/www.zambo.de\/systemloesung\/kontakt\/","title":{"rendered":"Kontakt"},"content":{"rendered":"\n<div class=\"wp-block-columns is-layout-flex wp-container-core-columns-is-layout-9d6595d7 wp-block-columns-is-layout-flex\">\n<div class=\"wp-block-column is-layout-flow wp-block-column-is-layout-flow\">\n<div class=\"wp-block-contact-form-7-contact-form-selector\">\n<div class=\"wpcf7 no-js\" id=\"wpcf7-f141-o1\" lang=\"de-DE\" dir=\"ltr\" data-wpcf7-id=\"141\">\n<div class=\"screen-reader-response\"><p role=\"status\" aria-live=\"polite\" aria-atomic=\"true\"><\/p> <ul><\/ul><\/div>\n<form action=\"\/systemloesung\/wp-json\/wp\/v2\/pages\/138#wpcf7-f141-o1\" method=\"post\" class=\"wpcf7-form init\" aria-label=\"Kontaktformular\" novalidate=\"novalidate\" data-status=\"init\">\n<fieldset class=\"hidden-fields-container\"><input type=\"hidden\" name=\"_wpcf7\" value=\"141\" \/><input type=\"hidden\" name=\"_wpcf7_version\" value=\"6.1.5\" \/><input type=\"hidden\" name=\"_wpcf7_locale\" value=\"de_DE\" \/><input type=\"hidden\" name=\"_wpcf7_unit_tag\" value=\"wpcf7-f141-o1\" \/><input type=\"hidden\" name=\"_wpcf7_container_post\" value=\"0\" \/><input type=\"hidden\" name=\"_wpcf7_posted_data_hash\" value=\"\" \/><input type=\"hidden\" name=\"_cf7a__timestamp\" value=\"P0euxjlzO4D6ftvDpwxj2A==\" \/><input type=\"hidden\" name=\"_cf7a_version\" value=\"1.0\" \/><input type=\"hidden\" name=\"_cf7a_address\" value=\"\" \/><input type=\"hidden\" name=\"_cf7a_referer\" value=\"\" \/><input type=\"hidden\" name=\"_cf7a_protocol\" value=\"\" \/><input type=\"hidden\" name=\"_cf7a_bot_fingerprint\" value=\"P0euxjlzO4D6ftvDpwxj2A==\" \/><input type=\"hidden\" name=\"_cf7a_bot_fingerprint_extras\" \/><input type=\"hidden\" name=\"_cf7a_append_on_submit\" \/>\n<\/fieldset>\n<p>Vorname: (Pflichtfeld)\n<\/p>\n<p><span class=\"wpcf7-form-control-wrap\" data-name=\"your-name\"><input size=\"40\" maxlength=\"400\" class=\"wpcf7-form-control wpcf7-text wpcf7-validates-as-required\" aria-required=\"true\" aria-invalid=\"false\" value=\"\" type=\"text\" name=\"your-name\" \/><input type=\"text\" name=\"name\" value=\"\" autocomplete=\"fill\" class=\"fit-the-fullspace\" aria-hidden=\"true\" tabindex=\"-1\" \/><\/span>\n<\/p>\n<p>Nachname:(Pflichtfeld)\n<\/p>\n<p><span class=\"wpcf7-form-control-wrap\" data-name=\"nachname\"><input type=\"text\" name=\"email\" value=\"\" autocomplete=\"fill\" class=\"fit-the-fullspace\" aria-hidden=\"true\" tabindex=\"-1\" \/><input size=\"40\" maxlength=\"400\" class=\"wpcf7-form-control wpcf7-text wpcf7-validates-as-required\" aria-required=\"true\" aria-invalid=\"false\" value=\"\" type=\"text\" name=\"nachname\" \/><\/span>\n<\/p>\n<p>Firma:\n<\/p>\n<p><span class=\"wpcf7-form-control-wrap\" data-name=\"firma\"><input type=\"text\" name=\"address\" value=\"\" autocomplete=\"fill\" class=\"fit-the-fullspace\" aria-hidden=\"true\" tabindex=\"-1\" \/><input size=\"40\" maxlength=\"400\" class=\"wpcf7-form-control wpcf7-text\" aria-invalid=\"false\" value=\"\" type=\"text\" name=\"firma\" \/><\/span>\n<\/p>\n<p>Anrede:\n<\/p>\n<p><span class=\"wpcf7-form-control-wrap\" data-name=\"anrede\"><input size=\"40\" maxlength=\"400\" class=\"wpcf7-form-control wpcf7-text\" aria-invalid=\"false\" value=\"\" type=\"text\" name=\"anrede\" \/><input type=\"text\" name=\"zip\" value=\"\" autocomplete=\"fill\" class=\"fit-the-fullspace\" aria-hidden=\"true\" tabindex=\"-1\" \/><\/span>\n<\/p>\n<p>Postanschrift:\n<\/p>\n<p><span class=\"wpcf7-form-control-wrap\" data-name=\"postanschrift\"><input type=\"text\" name=\"town\" value=\"\" autocomplete=\"fill\" class=\"fit-the-fullspace\" aria-hidden=\"true\" tabindex=\"-1\" \/><input size=\"40\" maxlength=\"400\" class=\"wpcf7-form-control wpcf7-text\" aria-invalid=\"false\" value=\"\" type=\"text\" name=\"postanschrift\" \/><\/span>\n<\/p>\n<p>Telefon:\n<\/p>\n<p><span class=\"wpcf7-form-control-wrap\" data-name=\"tel-661\"><input size=\"40\" maxlength=\"400\" class=\"wpcf7-form-control wpcf7-tel wpcf7-text wpcf7-validates-as-tel\" aria-invalid=\"false\" value=\"\" type=\"tel\" name=\"tel-661\" \/><\/span>\n<\/p>\n<p>Ihre E-Mail-Adresse (Pflichtfeld)\n<\/p>\n<p><span class=\"wpcf7-form-control-wrap\" data-name=\"your-email\"><input size=\"40\" maxlength=\"400\" class=\"wpcf7-form-control wpcf7-email wpcf7-validates-as-required wpcf7-text wpcf7-validates-as-email\" aria-required=\"true\" aria-invalid=\"false\" value=\"\" type=\"email\" name=\"your-email\" \/><\/span>\n<\/p>\n<p>Betreff\n<\/p>\n<p><span class=\"wpcf7-form-control-wrap\" data-name=\"your-subject\"><input size=\"40\" maxlength=\"400\" class=\"wpcf7-form-control wpcf7-text\" aria-invalid=\"false\" value=\"\" type=\"text\" name=\"your-subject\" \/><\/span>\n<\/p>\n<p>Ihre Nachricht\n<\/p>\n<p><span class=\"wpcf7-form-control-wrap\" data-name=\"your-message\"><textarea cols=\"40\" rows=\"10\" maxlength=\"2000\" class=\"wpcf7-form-control wpcf7-textarea\" aria-invalid=\"false\" name=\"your-message\"><\/textarea><\/span>\n<\/p>\n<p><label><span class=\"wpcf7-form-control-wrap\" data-name=\"checkbox-520\"><span class=\"wpcf7-form-control wpcf7-checkbox wpcf7-validates-as-required wpcf7-exclusive-checkbox\"><span class=\"wpcf7-list-item first last\"><span class=\"wpcf7-list-item-label\">Ihre Daten werden ausschlie\u00dflich zum Zwecke der von Ihnen angeforderten Aufgabe oder Unterlagen verwendet. Nach Ablauf der gesetzlichen Aufbewahrungsfristen werden diese von uns gel\u00f6scht. Weitere Informationen finden Sie in unserer Datenschutzerkl\u00e4rung. Hiermit erkl\u00e4re ich mich einverstanden.<\/span><input type=\"checkbox\" name=\"checkbox-520\" value=\"Ihre Daten werden ausschlie\u00dflich zum Zwecke der von Ihnen angeforderten Aufgabe oder Unterlagen verwendet. Nach Ablauf der gesetzlichen Aufbewahrungsfristen werden diese von uns gel\u00f6scht. Weitere Informationen finden Sie in unserer Datenschutzerkl\u00e4rung. Hiermit erkl\u00e4re ich mich einverstanden.\" \/><\/span><\/span><\/span><\/label>\n<\/p>\n<p><input class=\"wpcf7-form-control wpcf7-submit has-spinner\" type=\"submit\" value=\"Senden\" \/>\n<\/p><div class=\"wpcf7-response-output\" aria-hidden=\"true\"><\/div>\n<\/form>\n<\/div>\n<\/div>\n<\/div>\n\n\n\n<div class=\"wp-block-column is-layout-flow wp-block-column-is-layout-flow\">\n<div style=\"height:25px\" aria-hidden=\"true\" class=\"wp-block-spacer\"><\/div>\n\n\n\n<h5 class=\"wp-block-heading\"><strong>Elektro N. Zambo GmbH<\/strong><br>Industriestr. 18<br>42551 Velbert<\/h5>\n\n\n\n<div style=\"height:25px\" aria-hidden=\"true\" class=\"wp-block-spacer\"><\/div>\n\n\n\n<p>L\u00e4ngengrade: N 51.342537 E 7.063187<\/p>\n\n\n\n<div style=\"height:25px\" aria-hidden=\"true\" class=\"wp-block-spacer\"><\/div>\n\n\n\n<h3 class=\"wp-block-heading\">T +49 (0) 20 51 . 98 90 28<br><a href=\"mailto:info@zambo.de\">info@zambo.de<\/a><\/h3>\n<\/div>\n<\/div>\n","protected":false},"excerpt":{"rendered":"<p>Elektro N. Zambo GmbHIndustriestr. 1842551 Velbert L\u00e4ngengrade: N 51.342537 E 7.063187 T +49 (0) 20 51 . 98 90 28info@zambo.de<\/p>\n","protected":false},"author":1,"featured_media":0,"parent":0,"menu_order":0,"comment_status":"closed","ping_status":"closed","template":"","meta":{"footnotes":""},"class_list":["post-138","page","type-page","status-publish","hentry"],"_links":{"self":[{"href":"https:\/\/www.zambo.de\/systemloesung\/wp-json\/wp\/v2\/pages\/138","targetHints":{"allow":["GET"]}}],"collection":[{"href":"https:\/\/www.zambo.de\/systemloesung\/wp-json\/wp\/v2\/pages"}],"about":[{"href":"https:\/\/www.zambo.de\/systemloesung\/wp-json\/wp\/v2\/types\/page"}],"author":[{"embeddable":true,"href":"https:\/\/www.zambo.de\/systemloesung\/wp-json\/wp\/v2\/users\/1"}],"replies":[{"embeddable":true,"href":"https:\/\/www.zambo.de\/systemloesung\/wp-json\/wp\/v2\/comments?post=138"}],"version-history":[{"count":16,"href":"https:\/\/www.zambo.de\/systemloesung\/wp-json\/wp\/v2\/pages\/138\/revisions"}],"predecessor-version":[{"id":970,"href":"https:\/\/www.zambo.de\/systemloesung\/wp-json\/wp\/v2\/pages\/138\/revisions\/970"}],"wp:attachment":[{"href":"https:\/\/www.zambo.de\/systemloesung\/wp-json\/wp\/v2\/media?parent=138"}],"curies":[{"name":"wp","href":"https:\/\/api.w.org\/{rel}","templated":true}]}}