{"id":12,"date":"2015-12-20T17:31:42","date_gmt":"2015-12-20T16:31:42","guid":{"rendered":"http:\/\/www.zambo.de\/systemloesung\/?page_id=12"},"modified":"2020-10-06T12:15:45","modified_gmt":"2020-10-06T10:15:45","slug":"banken","status":"publish","type":"page","link":"https:\/\/www.zambo.de\/systemloesung\/banken\/","title":{"rendered":"Banken"},"content":{"rendered":"<h2><span style=\"color: #ff0000;\"><a href=\"https:\/\/www.zambo.de\/systemloesung\/grafiken\/zambo_banken.pdf\" target=\"_blank\" rel=\"noopener noreferrer\"><img loading=\"lazy\" decoding=\"async\" class=\"size-full wp-image-723 alignright\" src=\"https:\/\/www.zambo.de\/systemloesung\/wp-content\/uploads\/2018\/02\/pdf.png\" alt=\"Zambo Sicherheit\" width=\"50\" height=\"72\" \/><\/a>b-protect \u2013 Sicherheitsl\u00f6sungen f\u00fcr Banken &amp; Sparkassen<br \/>\n<\/span><\/h2>\n<h3>Die Sicherheit f\u00fcr Menschen und Werte jederzeit<br \/>\nkomfortabel steuern und \u00fcberwachen<\/h3>\n<p><strong>Mit b-protect lassen sich die verschiedensten sicherheits- und organisationstechnischen <\/strong><strong>Anforderungen von Banken und Sparkassen effektiv und effizient realisieren. Das System samt seinen einzeln erh\u00e4ltlichen Komponenten arbeitet <\/strong><strong>webbasiert und bietet alle Optionen, um auch zuk\u00fcnftig auf einen erweiterten oder ver\u00e4nderten Sicherheitsbedarf reagieren zu k\u00f6nnen.\u00a0<\/strong><\/p>\n<p>Einbruch-, Brandmelde- und Video\u00fcberwachungs-anlagen bilden den Sicherheitsstandard bei Banken und Sparkassen. Wenn dar\u00fcber hinaus weitere Sicherheitsma\u00dfnahmen erforderlich sind, bietet b-protect die entsprechenden Optionen.<\/p>\n<h4>Sicherheit gew\u00e4hrleisten<\/h4>\n<p>\u00dcber Zutrittsberechtigungen l\u00e4sst sich sehr differenziert organisieren wer, wo, wann Zutritt hat.<br \/>\nDas gilt gleicherma\u00dfen f\u00fcr die eigenen Mitarbeiter und externe Dienstleister wie beispielsweise Geb\u00e4udereiniger. Die auf dem pers\u00f6nlichen Zutritts-ausweis hinterlegten Berechtigungen sind jederzeit ver\u00e4nderbar. Bei Ausweisverlust erfolgt eine sofortige Sperrung. Eine Auswertung dar\u00fcber wer sich wo, wann zuletzt aufgehalten hat ist m\u00f6glich.<\/p>\n<p>Abh\u00e4ngig von der Unternehmensgr\u00f6\u00dfe, Filialstruktur, Mitarbeiter- und T\u00fcrenanzahl kommen unter Kosten-Nutzen-Aspekten abgestufte Zutrittsl\u00f6sungen zum Einsatz. Eine ideale Erg\u00e4nzung zu den Zutritts-berechtigungen bilden elektronische Fluchtweg-sicherungen. Diese sichern nicht nur Rettungswege, sondern \u00fcberwachen auch Au\u00dfent\u00fcren auf Einbruchs- oder Manipulationsversuche und erm\u00f6glichen individuelle Sondert\u00fcrl\u00f6sungen. So zum Beispiel Schleusent\u00fcranlagen zum Intensivschutz spezieller Sicherheitsbereiche Erh\u00f6hte Sicherheit f\u00fcr einzelne Personen gew\u00e4hrleistet die Personen-Notruf\u00fcberwachung. \u00dcber einen kleinen, versteckt am K\u00f6rper tragbaren Sender kann im Gefahrenfall ein stiller Alarm ausgel\u00f6st werden, um Hilfsma\u00dfnahmen einzuleiten.<\/p>\n<h4>Sicherheit organisieren<\/h4>\n<p>b-protect ist ein webbasiertes System. Die Einrichtung, Steuerung, Verwaltung, Visualisierung und \u00dcberwachung aller Systemteile erfolgt \u00fcber das vorhandene Netzwerk. Jeder vom Administrator berechtigte Nutzer im Netzwerk kann sich auf dem Server anmelden und die ihm zugeordneten und freigegebenen T\u00e4tigkeiten direkt umsetzen. Hierf\u00fcr ist au\u00dfer einem g\u00e4ngigen Web-Browser wie Internet<br \/>\nExplorer oder Firefox keine weitere Software erforderlich.<\/p>\n<p>Neben der Verwaltung der Zutrittsberechtigungen kann die b-Protectoberfl\u00e4che durch Visualisierung der Geb\u00e4udegrundrisse und Anbindung von Videobildern auch f\u00fcr ein komfortabels Geb\u00e4udemanagement genutzt werden. Das Fern\u00fcberwachen und -steuern des Geb\u00e4udes ist nach Kassenschluss auch durch einen Wachdienst m\u00f6glich, der sich auf dem Server einloggt und alle ihm freigegebenen T\u00e4tigkeiten erledigt. Somit ist ein H\u00f6chstma\u00df an Flexibilit\u00e4t gew\u00e4hrleistet, 24 Stunden am Tag, 365 Tage im Jahr.<\/p>\n<h4>Sicherheit haben<\/h4>\n<p>b-protect arbeitet mit den sichersten Zutrittsleseverfahren. Bei jeder Ausweiskartenlesung wird ein sich best\u00e4ndig \u00e4ndernder kryptisch verschl\u00fcsselter Code \u00fcbertragen. Die \u00dcbertragung zwischen Kartenleser und Steuereinheit findet entgegen vieler anderer Systeme ebenfalls verschl\u00fcsselt statt.<\/p>\n<p>Das Gleiche gilt zwischen Steuereinheit und Server, wodurch die umfassende Sabotage- und Manipulationssicherheit einer sogenannten End-to- End-Security gew\u00e4hrleistet ist.<\/p>\n<div id=\"zambocontent\">\n<section><strong>b-protect Komponenten:<\/strong><\/p>\n<ul>\n<li>Einbruch- und Brandmeldeanlage<\/li>\n<li>Zutrittsberechtigung f\u00fcr Au\u00dfen-\/ Innent\u00fcren aller Art, \u00a0\u00a0Aufz\u00fcge und Tiefgaragenzufahrten<\/li>\n<li>Fluchtwegsicherung<\/li>\n<li>Video\u00fcberwachung innen und au\u00dfen<\/li>\n<li>Personen-Notruf\u00fcberwachung<\/li>\n<li>Tiefgaragenzufahrt und Parkplatzmanagement auch \u00fcber Kennzeichenerkennung<\/li>\n<li>Zeiterfassung<\/li>\n<li>Nur ein Ausweis f\u00fcr Zutrittsberechtigung und Zeiterfassung, auch f\u00fcr Kantinenabrechnungssysteme nutzbar<\/li>\n<\/ul>\n<\/section>\n<section><strong> b-protect Systemvorteile:<\/strong><\/p>\n<ul>\n<li>moderne, webbasierte L\u00f6sung<\/li>\n<li>bedarfsgerecht zusammenstellbar<\/li>\n<li>jederzeit erweiterbar<\/li>\n<li>investitions- und zukunftssicher<\/li>\n<\/ul>\n<\/section>\n<section><strong>Referenzen:<\/strong><\/p>\n<ul>\n<li>Sparkasse Siegen<\/li>\n<li>Sparkasse Wesel<\/li>\n<li>Sparkasse Hilden Ratingen Velbert<\/li>\n<li>Sparkasse Emmerich Rees<\/li>\n<li>Kreissparkasse D\u00fcsseldorf<\/li>\n<\/ul>\n<\/section>\n<\/div>\n<p><code><\/code><\/p>\n<p><code><\/p>\n<style type=\"text\/css\">\n.clear {<br \/>\n  clear: both;<br \/>\n}<br \/>\n#zambocontent {overflow: auto; padding: 5px; margin-top: 5px;}<br \/>\n#zambocontent section {display: block; float: left; width: 240px;}<\/p>\n<\/style>\n<p><\/code><\/p>\n<p><code><\/code><\/p>\n","protected":false},"excerpt":{"rendered":"<p>b-protect \u2013 Sicherheitsl\u00f6sungen f\u00fcr Banken &amp; Sparkassen Die Sicherheit f\u00fcr Menschen und Werte jederzeit komfortabel steuern und \u00fcberwachen Mit b-protect lassen sich die verschiedensten sicherheits- und organisationstechnischen Anforderungen von Banken &#8230;<\/p>\n","protected":false},"author":1,"featured_media":71,"parent":0,"menu_order":0,"comment_status":"closed","ping_status":"closed","template":"","meta":{"footnotes":""},"class_list":["post-12","page","type-page","status-publish","has-post-thumbnail","hentry"],"_links":{"self":[{"href":"https:\/\/www.zambo.de\/systemloesung\/wp-json\/wp\/v2\/pages\/12","targetHints":{"allow":["GET"]}}],"collection":[{"href":"https:\/\/www.zambo.de\/systemloesung\/wp-json\/wp\/v2\/pages"}],"about":[{"href":"https:\/\/www.zambo.de\/systemloesung\/wp-json\/wp\/v2\/types\/page"}],"author":[{"embeddable":true,"href":"https:\/\/www.zambo.de\/systemloesung\/wp-json\/wp\/v2\/users\/1"}],"replies":[{"embeddable":true,"href":"https:\/\/www.zambo.de\/systemloesung\/wp-json\/wp\/v2\/comments?post=12"}],"version-history":[{"count":15,"href":"https:\/\/www.zambo.de\/systemloesung\/wp-json\/wp\/v2\/pages\/12\/revisions"}],"predecessor-version":[{"id":873,"href":"https:\/\/www.zambo.de\/systemloesung\/wp-json\/wp\/v2\/pages\/12\/revisions\/873"}],"wp:featuredmedia":[{"embeddable":true,"href":"https:\/\/www.zambo.de\/systemloesung\/wp-json\/wp\/v2\/media\/71"}],"wp:attachment":[{"href":"https:\/\/www.zambo.de\/systemloesung\/wp-json\/wp\/v2\/media?parent=12"}],"curies":[{"name":"wp","href":"https:\/\/api.w.org\/{rel}","templated":true}]}}