{"id":10,"date":"2015-12-20T17:31:31","date_gmt":"2015-12-20T16:31:31","guid":{"rendered":"http:\/\/www.zambo.de\/systemloesung\/?page_id=10"},"modified":"2018-01-30T21:38:54","modified_gmt":"2018-01-30T20:38:54","slug":"privat","status":"publish","type":"page","link":"https:\/\/www.zambo.de\/systemloesung\/privat\/","title":{"rendered":"Privat"},"content":{"rendered":"<h2><span style=\"color: #ff0000;\">p-protect \u2013 Sicherheitsl\u00f6sungen f\u00fcr Privatkunden und Wohngemeinschaften<br \/>\n<\/span><\/h2>\n<h3>Die Sicherheit f\u00fcr Menschen und Werte jederzeit<br \/>\nkomfortabel steuern und \u00fcberwachen<\/h3>\n<p>&nbsp;<\/p>\n<h4>Die Maxime lautet:<\/h4>\n<p>Von Seiten der Bedienung, die T\u00fcr bleibt eine T\u00fcr. F\u00fcr den Nutzer \u00e4ndert sich in der Handhabung trotz selbstt\u00e4tiger Verriegelung und damit st\u00e4ndigem versicherungstechnischem Verschluss und\u00a0damit maximaler Sicherheit nichts.\u00a0Von innen nach\u00a0au\u00dfen gew\u00e4hrleistet die Antipanikentriegelung ebenfalls h\u00f6chsten Bedienkomfort und ein gef\u00e4hliches Einschlie\u00dfen ist nicht mehr m\u00f6glich.<\/p>\n<p><iframe loading=\"lazy\" src=\"https:\/\/www.youtube.com\/embed\/CppQ9a2Bcdg\" width=\"560\" height=\"315\" frameborder=\"0\" allowfullscreen=\"allowfullscreen\"><\/iframe><\/p>\n<p>Ein Beispiel f\u00fcr diesen L\u00f6sungsgedanken bietet der Mediator, der im oben stehenden Film dargestellt wird.<\/p>\n<p>&nbsp;<\/p>\n<h4>Als Schl\u00fcsselersatz dienen heute immer h\u00e4ufiger elektronische Transponder.<\/h4>\n<p>Diese haben den entscheidenden Vorteil, dass sie vom Eigent\u00fcmer bei Bedarf vervielf\u00e4ltigt bzw. gesperrt werden. Somit besteht eine sehr hohe Flexibilit\u00e4t bei erh\u00f6hter Sicherheit. In den meisten Systemen k\u00f6nnen dar\u00fcber hinaus noch zeitliche Einschr\u00e4nkungen wann welcher Transponderschl\u00fcssel wo schlie\u00dfen darf vom Systemadministrator programmiert werden.<\/p>\n<p>&nbsp;<\/p>\n<h4>Sehr interessant f\u00fcr private Haushalte und kleine Wohngemeinschaften ist das Einstiegsmodell von Zambo der Smart open.<\/h4>\n<p>Dieser stellt in Verbindung mit einem elektrischen T\u00fcr\u00f6ffner oder dem oben erkl\u00e4rten Mediator einen perfekten Schl\u00fcsselersatz dar. Hier k\u00f6nnen bis zu 99 Transponderschl\u00fcssel einfach durch eine Programmierkarte eingelernt oder gel\u00f6scht werden. Das System erf\u00fcllt h\u00f6chste Sicherheitsanforderungen und\u00a0kostet\u00a0ab 185,00 \u20ac netto zzgl. der gesetzlichen Mehrwertsteuer.<\/p>\n<p>&nbsp;<\/p>\n<h4>Gern beraten wir Sie bei der Umsetzung Ihres individuellen Sicherheitskonzeptes.<\/h4>\n<h4>Die L\u00f6sung die passt&#8230; ZAMBO<\/h4>\n","protected":false},"excerpt":{"rendered":"<p>p-protect \u2013 Sicherheitsl\u00f6sungen f\u00fcr Privatkunden und Wohngemeinschaften Die Sicherheit f\u00fcr Menschen und Werte jederzeit komfortabel steuern und \u00fcberwachen &nbsp; Die Maxime lautet: Von Seiten der Bedienung, die T\u00fcr bleibt eine &#8230;<\/p>\n","protected":false},"author":1,"featured_media":0,"parent":0,"menu_order":0,"comment_status":"closed","ping_status":"closed","template":"","meta":{"footnotes":""},"class_list":["post-10","page","type-page","status-publish","hentry"],"_links":{"self":[{"href":"https:\/\/www.zambo.de\/systemloesung\/wp-json\/wp\/v2\/pages\/10","targetHints":{"allow":["GET"]}}],"collection":[{"href":"https:\/\/www.zambo.de\/systemloesung\/wp-json\/wp\/v2\/pages"}],"about":[{"href":"https:\/\/www.zambo.de\/systemloesung\/wp-json\/wp\/v2\/types\/page"}],"author":[{"embeddable":true,"href":"https:\/\/www.zambo.de\/systemloesung\/wp-json\/wp\/v2\/users\/1"}],"replies":[{"embeddable":true,"href":"https:\/\/www.zambo.de\/systemloesung\/wp-json\/wp\/v2\/comments?post=10"}],"version-history":[{"count":8,"href":"https:\/\/www.zambo.de\/systemloesung\/wp-json\/wp\/v2\/pages\/10\/revisions"}],"predecessor-version":[{"id":688,"href":"https:\/\/www.zambo.de\/systemloesung\/wp-json\/wp\/v2\/pages\/10\/revisions\/688"}],"wp:attachment":[{"href":"https:\/\/www.zambo.de\/systemloesung\/wp-json\/wp\/v2\/media?parent=10"}],"curies":[{"name":"wp","href":"https:\/\/api.w.org\/{rel}","templated":true}]}}